{"id":44,"date":"2021-11-09T09:59:48","date_gmt":"2021-11-09T09:59:48","guid":{"rendered":"https:\/\/abhis.vip\/sam\/how-to-use-gloriafood-widgets-3\/"},"modified":"2022-01-30T17:53:51","modified_gmt":"2022-01-30T17:53:51","slug":"great-restaurant-in-phuket","status":"publish","type":"page","link":"https:\/\/abhis.vip\/sam\/great-restaurant-in-phuket\/","title":{"rendered":"Indian restaurant in Phuket"},"content":{"rendered":"\r\n<h2 class=\"wp-block-heading\"><a href=\"https:\/\/sams.abhis.vip\/\">Indian <span class='tooltipsall tooltipsincontent classtoolTips0'>Restaurant in Phuket<\/span><\/a><\/h2>\r\n<p>&nbsp;<\/p>\r\n<p>Sams Indian restaurant is serving all types of North India&#8217;s food in Phuket Thailand, The Chef Ram Lala knows the recipes of Indian cuisine and he said that there is a history behind all Indian cuisine\u00a0<br \/>&#8221; you will find several restaurants in Phuket Thailand are serving Indian food but that&#8217;s not actual Indian food that fusion and fusion do not share the cultural food of any ethnic\u00a0<br \/>Being a chef in\u00a0 an Indian <span class='tooltipsall tooltipsincontent classtoolTips0'>Restaurant in Phuket<\/span> Thailand I have been exploring the darkness behind the restaurants here in Phuket Thailand,\u00a0<\/p>\r\n\r\n\r\n\r\n<h3 class=\"wp-block-heading\"><a href=\"https:\/\/www.google.com\/search?q=sam%27s+indian+restaurant&amp;sxsrf=APq-WBuwLZFgmnIzfTQdaPLAFf6srriVqQ%3A1643562264028&amp;source=hp&amp;ei=F8X2YeK0PJSBmgaLvbPQAw&amp;iflsig=AHkkrS4AAAAAYfbTKLAEkbNlvDUdP6TQKgow8JWkpEyW&amp;oq=sam%27s+indian+&amp;gs_lcp=Cgdnd3Mtd2l6EAEYADIHCCMQyQMQJzIECCMQJzIECCMQJzIKCAAQgAQQhwIQFDIFCAAQgAQyBQgAEIAEMgUIABCABDILCC4QgAQQxwEQrwEyCwguEIAEEMcBEK8BMgUIABCABDoECAAQQzoFCAAQkQI6DgguEIAEELEDEMcBENEDOgUIABCxAzoICAAQsQMQgwE6CwguEIAEEMcBENEDOgsIABCABBCxAxCDAToICAAQgAQQsQM6CAguEIAEELEDOhAILhCABBCHAhDHARCvARAUOgUILhCABDoHCAAQgAQQClAAWKIVYL8uaABwAHgAgAGGAYgB-QqSAQM1LjiYAQCgAQE&amp;sclient=gws-wiz#lpstate=pid:CIHM0ogKEICAgIDmgbGjPA\" target=\"_blank\" rel=\"noopener\">indian <span class='tooltipsall tooltipsincontent classtoolTips0'>Restaurant in Phuket<\/span><\/a><\/h3>\r\n\r\n\r\n\r\n<p>for example, if you are thinking of butter chicken that&#8217;s firstly\u00a0 made ( invented by) an Indian chef\u00a0<br \/>The curry was\u00a0<span class=\"words\" data-synonyms=\"developed;created\">created<\/span>\u00a0<span class=\"words\" data-synonyms=\"in the;within the\">within the<\/span>\u00a01950s by Kundan Lal Jaggi and Kundan Lal Gujral,\u00a0<span class=\"words\" data-synonyms=\"founders;originators;authors\">originators<\/span>\u00a0of the Moti Mahal\u00a0<span class=\"words\" data-synonyms=\"restaurant;eatery\">eatery<\/span>\u00a0in Delhi, India. The curry was made &#8220;by chance&#8221; by\u00a0<span class=\"words\" data-synonyms=\"mixing;blending\">blending<\/span>\u00a0<span class=\"words\" data-synonyms=\"leftover;remaining;extra\">extra<\/span>\u00a0tandoori chicken in a tomato\u00a0<span class=\"words\" data-synonyms=\"gravy;sauce\">sauce<\/span>,\u00a0<span class=\"words\" title=\"\" data-synonyms=\"rich;wealthy\">wealthy<\/span>\u00a0in butter (Makhan). In 1974, a\u00a0<span class=\"words\" data-synonyms=\"recipe;formula\">formula<\/span>\u00a0was\u00a0<span class=\"words\" data-synonyms=\"published;distributed\">distributed<\/span>\u00a0for &#8220;Murgh makhani (Tandoori chicken cooked in butter and tomato sauce)&#8221;. In 1975, the English\u00a0<span class=\"words\" data-synonyms=\"phrase;express;state\">express<\/span> &#8220;butter chicken&#8221; curry, to begin with,\u00a0<span class=\"words\" data-synonyms=\"appeared;showed up\">showed up<\/span>\u00a0in print, as a\u00a0<span class=\"words\" data-synonyms=\"specialty;claim to fame;forte;strength\">strength<\/span>\u00a0of the house at Gaylord Indian\u00a0<span class=\"words\" data-synonyms=\"restaurant;eatery\">eatery<\/span> in Manhattan. In Toronto and the Caribbean, it can be found as a filling in wraps, roti, and rolls, while in Australia, and New Zealand, it\u00a0<span class=\"words\" data-synonyms=\"is also;is additionally\">is additionally<\/span>\u00a0eaten as a pie filling. The curry is common in India and\u00a0<span class=\"words\" title=\"\" data-synonyms=\"many;numerous\">numerous<\/span>\u00a0other\u00a0<span class=\"words\" data-synonyms=\"countries;nations\">nations<br \/>you can find sometime great-restaurant-in-Phuket by the decor,\u00a0<\/span><\/p>\r\n\r\n\r\n\r\n<h3 class=\"wp-block-heading\"><a href=\"https:\/\/www.google.com\/search?q=sam%27s+indian+restaurant&amp;sxsrf=APq-WBuwLZFgmnIzfTQdaPLAFf6srriVqQ%3A1643562264028&amp;source=hp&amp;ei=F8X2YeK0PJSBmgaLvbPQAw&amp;iflsig=AHkkrS4AAAAAYfbTKLAEkbNlvDUdP6TQKgow8JWkpEyW&amp;oq=sam%27s+indian+&amp;gs_lcp=Cgdnd3Mtd2l6EAEYADIHCCMQyQMQJzIECCMQJzIECCMQJzIKCAAQgAQQhwIQFDIFCAAQgAQyBQgAEIAEMgUIABCABDILCC4QgAQQxwEQrwEyCwguEIAEEMcBEK8BMgUIABCABDoECAAQQzoFCAAQkQI6DgguEIAEELEDEMcBENEDOgUIABCxAzoICAAQsQMQgwE6CwguEIAEEMcBENEDOgsIABCABBCxAxCDAToICAAQgAQQsQM6CAguEIAEELEDOhAILhCABBCHAhDHARCvARAUOgUILhCABDoHCAAQgAQQClAAWKIVYL8uaABwAHgAgAGGAYgB-QqSAQM1LjiYAQCgAQE&amp;sclient=gws-wiz#lpstate=pid:CIHM0ogKEICAgIDmgbGjPA\" target=\"_blank\" rel=\"noopener\">indian <span class='tooltipsall tooltipsincontent classtoolTips0'>Restaurant in Phuket<\/span><\/a><\/h3>\r\n\r\n\r\n\r\n<p>The real identity of Indian food is that of every Indian like an American recognizes a hamburger, and when you take the name of Indian food i.e. Indian outside India Pakistani people are Indian and Bangla then you may wonder what is their quality is?<br \/>well, in my opinion, a Bangladeshi or Pakistani or Sri Lankan food is food and we respect people as well as food of any country but sometimes it is really<\/p>\r\n\r\n\r\n\r\n<h3 class=\"wp-block-heading\"><a href=\"https:\/\/www.tripadvisor.com\/Restaurant_Review-g1379324-d7102026-Reviews-Sam_s_Restaurant_Coffee_Bar-Kamala_Kathu_Phuket.html\" target=\"_blank\" rel=\"noopener\">indian <span class='tooltipsall tooltipsincontent classtoolTips0'>Restaurant in Phuket<\/span><\/a><\/h3>\r\n<p>best indian <span class='tooltipsall tooltipsincontent classtoolTips0'>Restaurant in Phuket<\/span><\/p>\r\n<p>&nbsp;<\/p>\r\n<p>&nbsp;<\/p>\r\n<p>Restaurant indien \u00e0 Phuket<\/p>\r\n<p>Le restaurant indien Sams sert tous les types de plats du nord de l&#8217;Inde \u00e0 Phuket en Tha\u00eflande. Le chef Ram Lala conna\u00eet les recettes de la cuisine indienne et il a d\u00e9clar\u00e9 qu&#8217;il y avait une histoire derri\u00e8re toute la cuisine indienne.<br \/>&#8220;vous trouverez plusieurs restaurants \u00e0 Phuket en Tha\u00eflande qui servent de la cuisine indienne mais ce n&#8217;est pas de la vraie cuisine indienne que la fusion et la fusion ne partagent pas la nourriture culturelle d&#8217;aucune ethnie<br \/>En tant que chef dans un restaurant indien \u00e0 Phuket en Tha\u00eflande, j&#8217;ai explor\u00e9 l&#8217;obscurit\u00e9 derri\u00e8re les restaurants ici \u00e0 Phuket en Tha\u00eflande,<\/p>\r\n<p>restaurant indien \u00e0 phuket<\/p>\r\n<p>par exemple, si vous pensez au poulet au beurre qui a d&#8217;abord \u00e9t\u00e9 fabriqu\u00e9 (invent\u00e9 par) un chef indien<br \/>Le curry a \u00e9t\u00e9 cr\u00e9\u00e9 dans les ann\u00e9es 1950 par Kundan Lal Jaggi et Kundan Lal Gujral,\u00a0cr\u00e9ateurs\u00a0du restaurant Moti Mahal\u00a0\u00e0 Delhi, en Inde. Le curry a \u00e9t\u00e9 fait &#8220;par hasard&#8221; en m\u00e9langeant du poulet tandoori suppl\u00e9mentaire dans une sauce tomate, riche en beurre (Makhan). En 1974, une\u00a0formule\u00a0a\u00a0\u00e9t\u00e9\u00a0distribu\u00e9e\u00a0pour &#8220;Murgh makhani (poulet tandoori cuit dans du beurre et de la sauce tomate)&#8221;. En 1975, le curry anglais\u00a0express &#8220;butter chicken&#8221;, pour commencer,\u00a0est apparu\u00a0en version imprim\u00e9e, comme\u00a0la\u00a0force\u00a0de\u00a0la maison au Gaylord\u00a0Indian\u00a0eatery \u00e0 Manhattan. \u00c0 Toronto et dans les Cara\u00efbes, on le trouve comme garniture dans les wraps, les roti et les petits pains, tandis qu&#8217;en Australie et en Nouvelle-Z\u00e9lande, il est \u00e9galement consomm\u00e9 comme garniture de tarte. Le curry est courant en Inde et dans de nombreux\u00a0autres\u00a0pays<br \/>on trouve parfois des super-restaurant-\u00e0-Phuket par la d\u00e9co,<\/p>\r\n<p>restaurant indien \u00e0 phuket<\/p>\r\n<p>La v\u00e9ritable identit\u00e9 de la nourriture indienne est celle de chaque Indien comme un Am\u00e9ricain reconna\u00eet un hamburger, et quand vous prenez le nom de la nourriture indienne, c&#8217;est-\u00e0-dire les Indiens hors de l&#8217;Inde, les Pakistanais sont indiens et bangla, vous pouvez vous demander quelle est leur qualit\u00e9 ?<br \/>eh bien, \u00e0 mon avis, une nourriture bangladaise ou pakistanaise ou sri-lankaise est de la nourriture et nous respectons les gens ainsi que la nourriture de n&#8217;importe quel pays, mais parfois c&#8217;est vraiment<\/p>\r\n<p>restaurant indien \u00e0 phuket<\/p>\r\n<p>meilleur restaurant indien \u00e0 phuket<img fetchpriority=\"high\" decoding=\"async\" class=\"alignnone size-medium wp-image-33\" src=\"https:\/\/abhis.vip\/sam\/wp-content\/uploads\/2021\/08\/2x-300x192.jpg\" alt=\"\" width=\"300\" height=\"192\" srcset=\"https:\/\/abhis.vip\/sam\/wp-content\/uploads\/2021\/08\/2x-300x192.jpg 300w, https:\/\/abhis.vip\/sam\/wp-content\/uploads\/2021\/08\/2x-1024x655.jpg 1024w, https:\/\/abhis.vip\/sam\/wp-content\/uploads\/2021\/08\/2x-768x491.jpg 768w, https:\/\/abhis.vip\/sam\/wp-content\/uploads\/2021\/08\/2x-1536x982.jpg 1536w, https:\/\/abhis.vip\/sam\/wp-content\/uploads\/2021\/08\/2x-1200x767.jpg 1200w, https:\/\/abhis.vip\/sam\/wp-content\/uploads\/2021\/08\/2x.jpg 1600w\" sizes=\"(max-width: 300px) 100vw, 300px\" \/><\/p>\r\n<p>&nbsp;<\/p>\r\n\r\n\r\n\r\n<p>&nbsp;<\/p>\r\n<script type=\"text\/javascript\"> toolTips('.classtoolTips0','<img class=\"alignnone size-medium wp-image-91\" src=\"https:\/\/abhis.vip\/sam\/wp-content\/uploads\/2021\/08\/cropped-Black-and-Yellow-Box-Logo-1-300x300.png\" alt=\"\" width=\"300\" height=\"300\" \/> <img class=\"alignnone size-medium wp-image-33\" src=\"https:\/\/abhis.vip\/sam\/wp-content\/uploads\/2021\/08\/2x-300x192.jpg\" alt=\"\" width=\"300\" height=\"192\" \/><br\/><br\/><figure id=\"attachment_15\" aria-describedby=\"caption-attachment-15\" style=\"width: 300px\" class=\"wp-caption alignnone\"><img class=\"size-medium wp-image-15\" src=\"https:\/\/abhis.vip\/sam\/wp-content\/uploads\/2021\/08\/Black-and-Yellow-Box-Logo-1-300x300.png\" alt=\"Restaurant in Phuket\" width=\"300\" height=\"300\" \/><figcaption id=\"caption-attachment-15\" class=\"wp-caption-text\"><span class='tooltipsall tooltipsincontent classtoolTips0'>Restaurant in Phuket<\/span><\/figcaption><\/figure><br\/><br\/>&nbsp;'); <\/script>","protected":false},"excerpt":{"rendered":"<p>Indian Restaurant in Phuket &nbsp; Sams Indian restaurant is serving all types of North India&#8217;s food in Phuket Thailand, The Chef Ram Lala knows the recipes of Indian cuisine and he said that there is a history behind all Indian cuisine\u00a0&#8221; you will find several restaurants in Phuket Thailand are serving Indian food but that&#8217;s [&hellip;]<\/p>\n","protected":false},"author":1,"featured_media":0,"parent":0,"menu_order":0,"comment_status":"closed","ping_status":"closed","template":"","meta":{"footnotes":""},"class_list":["post-44","page","type-page","status-publish","hentry"],"jetpack_sharing_enabled":true,"_links":{"self":[{"href":"https:\/\/abhis.vip\/sam\/wp-json\/wp\/v2\/pages\/44","targetHints":{"allow":["GET"]}}],"collection":[{"href":"https:\/\/abhis.vip\/sam\/wp-json\/wp\/v2\/pages"}],"about":[{"href":"https:\/\/abhis.vip\/sam\/wp-json\/wp\/v2\/types\/page"}],"author":[{"embeddable":true,"href":"https:\/\/abhis.vip\/sam\/wp-json\/wp\/v2\/users\/1"}],"replies":[{"embeddable":true,"href":"https:\/\/abhis.vip\/sam\/wp-json\/wp\/v2\/comments?post=44"}],"version-history":[{"count":6,"href":"https:\/\/abhis.vip\/sam\/wp-json\/wp\/v2\/pages\/44\/revisions"}],"predecessor-version":[{"id":88,"href":"https:\/\/abhis.vip\/sam\/wp-json\/wp\/v2\/pages\/44\/revisions\/88"}],"wp:attachment":[{"href":"https:\/\/abhis.vip\/sam\/wp-json\/wp\/v2\/media?parent=44"}],"curies":[{"name":"wp","href":"https:\/\/api.w.org\/{rel}","templated":true}]}}